{"id":3471,"date":"2024-09-15T20:27:59","date_gmt":"2024-09-16T01:27:59","guid":{"rendered":"https:\/\/panamalifeinvestment.com\/a-propos-de-nous\/"},"modified":"2024-10-08T02:40:21","modified_gmt":"2024-10-08T07:40:21","slug":"a-propos-de-nous","status":"publish","type":"page","link":"https:\/\/panamalifeinvestment.com\/fr\/a-propos-de-nous\/","title":{"rendered":"A propos de nous"},"content":{"rendered":"\t\t<div data-elementor-type=\"wp-page\" data-elementor-id=\"3471\" class=\"elementor elementor-3471 elementor-288\" data-elementor-post-type=\"page\">\n\t\t\t\t\t\t<section class=\"elementor-section elementor-top-section elementor-element elementor-element-a890b3a elementor-section-height-min-height elementor-section-boxed elementor-section-height-default elementor-section-items-middle\" data-id=\"a890b3a\" data-element_type=\"section\" data-e-type=\"section\" data-settings=\"{&quot;background_background&quot;:&quot;classic&quot;}\">\n\t\t\t\t\t\t\t<div class=\"elementor-background-overlay\"><\/div>\n\t\t\t\t\t\t\t<div class=\"elementor-container elementor-column-gap-default\">\n\t\t\t\t\t<div class=\"elementor-column elementor-col-100 elementor-top-column elementor-element elementor-element-801eae7\" data-id=\"801eae7\" data-element_type=\"column\" data-e-type=\"column\">\n\t\t\t<div class=\"elementor-widget-wrap elementor-element-populated\">\n\t\t\t\t\t\t<div class=\"elementor-element elementor-element-0202ff1 elementor-widget__width-initial elementor-widget elementor-widget-heading\" data-id=\"0202ff1\" data-element_type=\"widget\" data-e-type=\"widget\" data-widget_type=\"heading.default\">\n\t\t\t\t<div class=\"elementor-widget-container\">\n\t\t\t\t\t<h1 class=\"elementor-heading-title elementor-size-default\">Votre partenaire de confiance pour l'investissement et le financement au Panama<\/h1>\t\t\t\t<\/div>\n\t\t\t\t<\/div>\n\t\t\t\t<div class=\"elementor-element elementor-element-7b88dea elementor-widget elementor-widget-heading\" data-id=\"7b88dea\" data-element_type=\"widget\" data-e-type=\"widget\" data-widget_type=\"heading.default\">\n\t\t\t\t<div class=\"elementor-widget-container\">\n\t\t\t\t\t<h2 class=\"elementor-heading-title elementor-size-default\">D\u00e9couvrez comment nous vous aidons \u00e0 atteindre vos objectifs d'investissement au Panama<\/h2>\t\t\t\t<\/div>\n\t\t\t\t<\/div>\n\t\t\t\t<div class=\"elementor-element elementor-element-e21038a elementor-align-right elementor-widget__width-auto elementor-widget elementor-widget-button\" data-id=\"e21038a\" data-element_type=\"widget\" data-e-type=\"widget\" data-widget_type=\"button.default\">\n\t\t\t\t<div class=\"elementor-widget-container\">\n\t\t\t\t\t\t\t\t\t<div class=\"elementor-button-wrapper\">\n\t\t\t\t\t<a class=\"elementor-button elementor-button-link elementor-size-sm elementor-animation-grow\" href=\"https:\/\/panamalifeinvestment.com\/book-a-free-consultation\/\">\n\t\t\t\t\t\t<span class=\"elementor-button-content-wrapper\">\n\t\t\t\t\t\t\t\t\t<span class=\"elementor-button-text\">R\u00e9servez une consultation gratuite<\/span>\n\t\t\t\t\t<\/span>\n\t\t\t\t\t<\/a>\n\t\t\t\t<\/div>\n\t\t\t\t\t\t\t\t<\/div>\n\t\t\t\t<\/div>\n\t\t\t\t\t<\/div>\n\t\t<\/div>\n\t\t\t\t\t<\/div>\n\t\t<\/section>\n\t\t\t\t<section class=\"elementor-section elementor-top-section elementor-element elementor-element-6e16e90 elementor-section-boxed elementor-section-height-default elementor-section-height-default\" data-id=\"6e16e90\" data-element_type=\"section\" data-e-type=\"section\">\n\t\t\t\t\t\t<div class=\"elementor-container elementor-column-gap-default\">\n\t\t\t\t\t<div class=\"elementor-column elementor-col-100 elementor-top-column elementor-element elementor-element-a86c366\" data-id=\"a86c366\" data-element_type=\"column\" data-e-type=\"column\">\n\t\t\t<div class=\"elementor-widget-wrap elementor-element-populated\">\n\t\t\t\t\t\t<div class=\"elementor-element elementor-element-ac85a0b elementor-widget elementor-widget-text-editor\" data-id=\"ac85a0b\" data-element_type=\"widget\" data-e-type=\"widget\" data-widget_type=\"text-editor.default\">\n\t\t\t\t<div class=\"elementor-widget-container\">\n\t\t\t\t\t\t\t\t\t<p>Chez Invest in <a href=\"https:\/\/letsgo2panama.com\/\" target=\"_blank\" rel=\"noopener\">Panama<\/a>, nous avons pour mission de vous guider dans le monde dynamique de l&rsquo;investissement et de la finance au Panama. Forte de ses ann\u00e9es d&rsquo;exp\u00e9rience et de sa connaissance approfondie du march\u00e9 local, notre \u00e9quipe propose des solutions expertes pour r\u00e9pondre \u00e0 un large \u00e9ventail de besoins, des opportunit\u00e9s de financement aux investissements dans le secteur de la sant\u00e9. D\u00e9couvrez qui nous sommes et comment nous pouvons vous aider dans votre d\u00e9marche d&rsquo;investissement au Panama.  <\/p>\n\t\t\t\t\t\t\t\t<\/div>\n\t\t\t\t<\/div>\n\t\t\t\t<div class=\"elementor-element elementor-element-cdb4b0f elementor-widget elementor-widget-heading\" data-id=\"cdb4b0f\" data-element_type=\"widget\" data-e-type=\"widget\" data-widget_type=\"heading.default\">\n\t\t\t\t<div class=\"elementor-widget-container\">\n\t\t\t\t\t<h3 class=\"elementor-heading-title elementor-size-default\"><a href=\"https:\/\/panamalifeinvestment.com\/contact-us\/\">Notre mission<\/a><\/h3>\t\t\t\t<\/div>\n\t\t\t\t<\/div>\n\t\t\t\t<div class=\"elementor-element elementor-element-687b481 elementor-widget elementor-widget-text-editor\" data-id=\"687b481\" data-element_type=\"widget\" data-e-type=\"widget\" data-widget_type=\"text-editor.default\">\n\t\t\t\t<div class=\"elementor-widget-container\">\n\t\t\t\t\t\t\t\t\t<p>Notre mission est de fournir un soutien et une expertise in\u00e9gal\u00e9s aux investisseurs et aux entreprises \u00e0 la recherche d&rsquo;opportunit\u00e9s au Panama. Nous sommes sp\u00e9cialis\u00e9s dans le <strong>financement des investissements au Panama<\/strong>, offrant des solutions sur mesure qui vous aident \u00e0 naviguer dans le paysage financier et \u00e0 atteindre vos objectifs d&rsquo;investissement. Que vous cherchiez \u00e0 obtenir un financement, \u00e0 explorer de nouvelles opportunit\u00e9s de march\u00e9 ou \u00e0 d\u00e9velopper vos activit\u00e9s, nous sommes l\u00e0 pour vous aider \u00e0 chaque \u00e9tape du processus.  <\/p>\n\t\t\t\t\t\t\t\t<\/div>\n\t\t\t\t<\/div>\n\t\t\t\t<div class=\"elementor-element elementor-element-bfe4cc3 elementor-widget elementor-widget-heading\" data-id=\"bfe4cc3\" data-element_type=\"widget\" data-e-type=\"widget\" data-widget_type=\"heading.default\">\n\t\t\t\t<div class=\"elementor-widget-container\">\n\t\t\t\t\t<h3 class=\"elementor-heading-title elementor-size-default\">Pourquoi nous choisir ?\n<\/h3>\t\t\t\t<\/div>\n\t\t\t\t<\/div>\n\t\t\t\t<div class=\"elementor-element elementor-element-459bc92 elementor-widget elementor-widget-text-editor\" data-id=\"459bc92\" data-element_type=\"widget\" data-e-type=\"widget\" data-widget_type=\"text-editor.default\">\n\t\t\t\t<div class=\"elementor-widget-container\">\n\t\t\t\t\t\t\t\t\t<ul>\n<li>\n<p><strong>Expertise en mati\u00e8re de financement et d&rsquo;investissement :<\/strong> Notre \u00e9quipe poss\u00e8de une vaste exp\u00e9rience en mati\u00e8re de <strong>financement des investissements au Panama<\/strong>, ce qui vous permet de b\u00e9n\u00e9ficier des meilleurs conseils et des meilleures strat\u00e9gies pour garantir et g\u00e9rer les investissements. Nous comprenons l&rsquo;environnement financier local et fournissons des solutions qui correspondent \u00e0 vos objectifs. <\/p>\n<\/li>\n<li>\n<p><strong>Opportunit\u00e9s d&rsquo;investissement dans le secteur de la sant\u00e9 :<\/strong> Nous reconnaissons l&rsquo;importance croissante du secteur de la sant\u00e9 au Panama et offrons des services sp\u00e9cialis\u00e9s pour les <strong>investissements dans le domaine de la sant\u00e9 au Panama<\/strong>. Notre expertise dans ce secteur comprend l&rsquo;identification des opportunit\u00e9s prometteuses, le respect des exigences r\u00e9glementaires et la maximisation des retours sur les investissements li\u00e9s \u00e0 la sant\u00e9. <\/p>\n<\/li>\n<li>\n<p><strong>Une approche centr\u00e9e sur le client :<\/strong> Nous accordons la priorit\u00e9 \u00e0 vos besoins et adaptons nos services \u00e0 vos objectifs d&rsquo;investissement sp\u00e9cifiques. Que vous soyez un investisseur chevronn\u00e9 ou un nouveau venu sur le march\u00e9 panam\u00e9en, notre \u00e9quipe s&rsquo;engage \u00e0 vous fournir un soutien personnalis\u00e9 et des informations exploitables. <\/p>\n<\/li>\n<li>\n<p><strong>Connaissance locale et port\u00e9e mondiale :<\/strong> Gr\u00e2ce \u00e0 notre connaissance approfondie du march\u00e9 panam\u00e9en et des pratiques commerciales internationales, nous comblons le foss\u00e9 entre les opportunit\u00e9s locales et les strat\u00e9gies d&rsquo;investissement mondiales. Notre r\u00e9seau et notre expertise nous permettent d&rsquo;offrir des informations pr\u00e9cieuses et de faciliter la r\u00e9ussite des investissements. <\/p>\n<\/li>\n<\/ul>\n\t\t\t\t\t\t\t\t<\/div>\n\t\t\t\t<\/div>\n\t\t\t\t<div class=\"elementor-element elementor-element-c6354e7 elementor-widget elementor-widget-heading\" data-id=\"c6354e7\" data-element_type=\"widget\" data-e-type=\"widget\" data-widget_type=\"heading.default\">\n\t\t\t\t<div class=\"elementor-widget-container\">\n\t\t\t\t\t<h3 class=\"elementor-heading-title elementor-size-default\">Nos services<\/h3>\t\t\t\t<\/div>\n\t\t\t\t<\/div>\n\t\t\t\t<div class=\"elementor-element elementor-element-2531114 elementor-widget elementor-widget-text-editor\" data-id=\"2531114\" data-element_type=\"widget\" data-e-type=\"widget\" data-widget_type=\"text-editor.default\">\n\t\t\t\t<div class=\"elementor-widget-container\">\n\t\t\t\t\t\t\t\t\t<ul>\n<li>\n<p><strong>Financement d&rsquo;investissements au Panama :<\/strong> Nous aidons nos clients \u00e0 identifier et \u00e0 obtenir des options de financement pour divers projets d&rsquo;investissement. De l&rsquo;obtention de pr\u00eats et de capital-risque \u00e0 la structuration de transactions financi\u00e8res, notre \u00e9quipe fournit un soutien complet pour garantir des r\u00e9sultats financiers fructueux. <\/p>\n<\/li>\n<li>\n<p><strong>Investir dans la sant\u00e9 au Panama :<\/strong> Nous offrons des services sp\u00e9cialis\u00e9s pour investir dans le secteur florissant de la sant\u00e9 au Panama. Notre expertise comprend des analyses de march\u00e9, des conseils en mati\u00e8re de r\u00e9glementation et des strat\u00e9gies d&rsquo;investissement adapt\u00e9es aux entreprises du secteur de la sant\u00e9 et de la m\u00e9decine. <\/p>\n<\/li>\n<li>\n<p><strong>D\u00e9veloppement de strat\u00e9gies d&rsquo;investissement :<\/strong> Nous travaillons avec vous pour d\u00e9velopper des strat\u00e9gies d&rsquo;investissement personnalis\u00e9es qui correspondent \u00e0 vos objectifs financiers et \u00e0 votre tol\u00e9rance au risque. Notre approche comprend une \u00e9tude de march\u00e9 approfondie et une planification strat\u00e9gique afin d&rsquo;optimiser votre potentiel d&rsquo;investissement. <\/p>\n<\/li>\n<li>\n<p><strong>Soutien en mati\u00e8re de r\u00e9glementation et de conformit\u00e9 :<\/strong> S&rsquo;y retrouver dans les exigences r\u00e9glementaires peut s&rsquo;av\u00e9rer complexe. Nous fournissons des conseils sur la conformit\u00e9 aux lois et r\u00e8glements panam\u00e9ens, en veillant \u00e0 ce que vos investissements respectent toutes les normes juridiques et op\u00e9rationnelles. <\/p>\n<\/li>\n<\/ul>\n\t\t\t\t\t\t\t\t<\/div>\n\t\t\t\t<\/div>\n\t\t\t\t<div class=\"elementor-element elementor-element-ae1a429 elementor-widget elementor-widget-heading\" data-id=\"ae1a429\" data-element_type=\"widget\" data-e-type=\"widget\" data-widget_type=\"heading.default\">\n\t\t\t\t<div class=\"elementor-widget-container\">\n\t\t\t\t\t<h3 class=\"elementor-heading-title elementor-size-default\">Notre \u00e9quipe\n<\/h3>\t\t\t\t<\/div>\n\t\t\t\t<\/div>\n\t\t\t\t<div class=\"elementor-element elementor-element-5e153fa elementor-widget elementor-widget-text-editor\" data-id=\"5e153fa\" data-element_type=\"widget\" data-e-type=\"widget\" data-widget_type=\"text-editor.default\">\n\t\t\t\t<div class=\"elementor-widget-container\">\n\t\t\t\t\t\t\t\t\t<p>Notre \u00e9quipe est compos\u00e9e de professionnels chevronn\u00e9s ayant une exp\u00e9rience vari\u00e9e dans les domaines de la finance, de l&rsquo;investissement et de l&rsquo;expertise sectorielle. Nous sommes passionn\u00e9s par l&rsquo;id\u00e9e de vous aider \u00e0 r\u00e9ussir et nous nous engageons \u00e0 vous fournir un service et une assistance exceptionnels. <\/p>\n\t\t\t\t\t\t\t\t<\/div>\n\t\t\t\t<\/div>\n\t\t\t\t<div class=\"elementor-element elementor-element-61beaf2 elementor-widget elementor-widget-heading\" data-id=\"61beaf2\" data-element_type=\"widget\" data-e-type=\"widget\" data-widget_type=\"heading.default\">\n\t\t\t\t<div class=\"elementor-widget-container\">\n\t\t\t\t\t<h3 class=\"elementor-heading-title elementor-size-default\">Contactez nous\n<\/h3>\t\t\t\t<\/div>\n\t\t\t\t<\/div>\n\t\t\t\t<div class=\"elementor-element elementor-element-190c884 elementor-widget elementor-widget-text-editor\" data-id=\"190c884\" data-element_type=\"widget\" data-e-type=\"widget\" data-widget_type=\"text-editor.default\">\n\t\t\t\t<div class=\"elementor-widget-container\">\n\t\t\t\t\t\t\t\t\t<p>Pr\u00eat \u00e0 explorer les opportunit\u00e9s d&rsquo;investissement au Panama ? Contactez-nous d\u00e8s aujourd&rsquo;hui pour d\u00e9couvrir comment notre expertise en mati\u00e8re d&rsquo;<strong>investissement financier au Panama<\/strong> et d&rsquo;<strong>investissement sant\u00e9 au Panama<\/strong> peut vous aider \u00e0 atteindre vos objectifs. Laissez-nous \u00eatre votre partenaire de confiance pour naviguer sur le march\u00e9 panam\u00e9en et r\u00e9aliser vos ambitions d&rsquo;investissement.  <\/p>\n\t\t\t\t\t\t\t\t<\/div>\n\t\t\t\t<\/div>\n\t\t\t\t\t<\/div>\n\t\t<\/div>\n\t\t\t\t\t<\/div>\n\t\t<\/section>\n\t\t\t\t<\/div>\n\t\t","protected":false},"excerpt":{"rendered":"<p>Votre partenaire de confiance pour l&rsquo;investissement et le financement au Panama D\u00e9couvrez comment nous vous aidons \u00e0 atteindre vos objectifs d&rsquo;investissement au Panama R\u00e9servez une consultation gratuite Chez Invest in Panama, nous avons pour mission de vous guider dans le monde dynamique de l&rsquo;investissement et de la finance au Panama. Forte de ses ann\u00e9es d&rsquo;exp\u00e9rience [&hellip;]<\/p>\n","protected":false},"author":1,"featured_media":1750,"parent":0,"menu_order":0,"comment_status":"closed","ping_status":"closed","template":"elementor_header_footer","meta":{"footnotes":""},"class_list":["post-3471","page","type-page","status-publish","has-post-thumbnail","hentry"],"acf":[],"yoast_head":"<!-- This site is optimized with the Yoast SEO Premium plugin v23.4 (Yoast SEO v27.4) - https:\/\/yoast.com\/product\/yoast-seo-premium-wordpress\/ -->\n<title>A propos de nous : Conseils d&#039;experts pour l&#039;investissement et le financement au Panama<\/title>\n<meta name=\"description\" content=\"D\u00e9couvrez Invest in Panama et comment nous vous aidons \u00e0 investir dans des opportunit\u00e9s de financement et de sant\u00e9 au Panama. Des experts vous accompagnent dans votre d\u00e9marche d&#039;investissement.\" \/>\n<meta name=\"robots\" content=\"index, follow, max-snippet:-1, max-image-preview:large, max-video-preview:-1\" \/>\n<link rel=\"canonical\" href=\"https:\/\/panamalifeinvestment.com\/fr\/a-propos-de-nous\/\" \/>\n<meta property=\"og:locale\" content=\"fr_FR\" \/>\n<meta property=\"og:type\" content=\"article\" \/>\n<meta property=\"og:title\" content=\"A propos de nous\" \/>\n<meta property=\"og:description\" content=\"D\u00e9couvrez Invest in Panama et comment nous vous aidons \u00e0 investir dans des opportunit\u00e9s de financement et de sant\u00e9 au Panama. Des experts vous accompagnent dans votre d\u00e9marche d&#039;investissement.\" \/>\n<meta property=\"og:url\" content=\"https:\/\/panamalifeinvestment.com\/fr\/a-propos-de-nous\/\" \/>\n<meta property=\"og:site_name\" content=\"Panama Life Investment\" \/>\n<meta property=\"article:modified_time\" content=\"2024-10-08T07:40:21+00:00\" \/>\n<meta property=\"og:image\" content=\"https:\/\/panamalifeinvestment.com\/wp-content\/uploads\/2024\/09\/cityscape-of-modern-panama-city-in-the-banking-and-financial-hub-of-the-city-with-the-ff-tower-more-commonly-known-as-el-tornillo-or-la-torre-tor-2XFB4YW-vxpiwfbEk-transformed.jpeg\" \/>\n\t<meta property=\"og:image:width\" content=\"1300\" \/>\n\t<meta property=\"og:image:height\" content=\"861\" \/>\n\t<meta property=\"og:image:type\" content=\"image\/jpeg\" \/>\n<meta name=\"twitter:card\" content=\"summary_large_image\" \/>\n<meta name=\"twitter:label1\" content=\"Dur\u00e9e de lecture estim\u00e9e\" \/>\n\t<meta name=\"twitter:data1\" content=\"4 minutes\" \/>\n<script type=\"application\/ld+json\" class=\"yoast-schema-graph\">{\"@context\":\"https:\\\/\\\/schema.org\",\"@graph\":[{\"@type\":\"WebPage\",\"@id\":\"https:\\\/\\\/panamalifeinvestment.com\\\/fr\\\/a-propos-de-nous\\\/\",\"url\":\"https:\\\/\\\/panamalifeinvestment.com\\\/fr\\\/a-propos-de-nous\\\/\",\"name\":\"A propos de nous : Conseils d'experts pour l'investissement et le financement au Panama\",\"isPartOf\":{\"@id\":\"https:\\\/\\\/panamalifeinvestment.com\\\/fr\\\/#website\"},\"primaryImageOfPage\":{\"@id\":\"https:\\\/\\\/panamalifeinvestment.com\\\/fr\\\/a-propos-de-nous\\\/#primaryimage\"},\"image\":{\"@id\":\"https:\\\/\\\/panamalifeinvestment.com\\\/fr\\\/a-propos-de-nous\\\/#primaryimage\"},\"thumbnailUrl\":\"https:\\\/\\\/panamalifeinvestment.com\\\/wp-content\\\/uploads\\\/2024\\\/09\\\/cityscape-of-modern-panama-city-in-the-banking-and-financial-hub-of-the-city-with-the-ff-tower-more-commonly-known-as-el-tornillo-or-la-torre-tor-2XFB4YW-vxpiwfbEk-transformed.jpeg\",\"datePublished\":\"2024-09-16T01:27:59+00:00\",\"dateModified\":\"2024-10-08T07:40:21+00:00\",\"description\":\"D\u00e9couvrez Invest in Panama et comment nous vous aidons \u00e0 investir dans des opportunit\u00e9s de financement et de sant\u00e9 au Panama. Des experts vous accompagnent dans votre d\u00e9marche d'investissement.\",\"breadcrumb\":{\"@id\":\"https:\\\/\\\/panamalifeinvestment.com\\\/fr\\\/a-propos-de-nous\\\/#breadcrumb\"},\"inLanguage\":\"fr-FR\",\"potentialAction\":[{\"@type\":\"ReadAction\",\"target\":[\"https:\\\/\\\/panamalifeinvestment.com\\\/fr\\\/a-propos-de-nous\\\/\"]}]},{\"@type\":\"ImageObject\",\"inLanguage\":\"fr-FR\",\"@id\":\"https:\\\/\\\/panamalifeinvestment.com\\\/fr\\\/a-propos-de-nous\\\/#primaryimage\",\"url\":\"https:\\\/\\\/panamalifeinvestment.com\\\/wp-content\\\/uploads\\\/2024\\\/09\\\/cityscape-of-modern-panama-city-in-the-banking-and-financial-hub-of-the-city-with-the-ff-tower-more-commonly-known-as-el-tornillo-or-la-torre-tor-2XFB4YW-vxpiwfbEk-transformed.jpeg\",\"contentUrl\":\"https:\\\/\\\/panamalifeinvestment.com\\\/wp-content\\\/uploads\\\/2024\\\/09\\\/cityscape-of-modern-panama-city-in-the-banking-and-financial-hub-of-the-city-with-the-ff-tower-more-commonly-known-as-el-tornillo-or-la-torre-tor-2XFB4YW-vxpiwfbEk-transformed.jpeg\",\"width\":1300,\"height\":861,\"caption\":\"About Us Panama Investment\"},{\"@type\":\"BreadcrumbList\",\"@id\":\"https:\\\/\\\/panamalifeinvestment.com\\\/fr\\\/a-propos-de-nous\\\/#breadcrumb\",\"itemListElement\":[{\"@type\":\"ListItem\",\"position\":1,\"name\":\"Home\",\"item\":\"https:\\\/\\\/panamalifeinvestment.com\\\/fr\\\/\"},{\"@type\":\"ListItem\",\"position\":2,\"name\":\"A propos de nous\"}]},{\"@type\":\"WebSite\",\"@id\":\"https:\\\/\\\/panamalifeinvestment.com\\\/fr\\\/#website\",\"url\":\"https:\\\/\\\/panamalifeinvestment.com\\\/fr\\\/\",\"name\":\"Panama Life Investment\",\"description\":\"Your Trusted Partner in Panama for Wealth &amp; Health\",\"publisher\":{\"@id\":\"https:\\\/\\\/panamalifeinvestment.com\\\/fr\\\/#organization\"},\"potentialAction\":[{\"@type\":\"SearchAction\",\"target\":{\"@type\":\"EntryPoint\",\"urlTemplate\":\"https:\\\/\\\/panamalifeinvestment.com\\\/fr\\\/?s={search_term_string}\"},\"query-input\":{\"@type\":\"PropertyValueSpecification\",\"valueRequired\":true,\"valueName\":\"search_term_string\"}}],\"inLanguage\":\"fr-FR\"},{\"@type\":\"Organization\",\"@id\":\"https:\\\/\\\/panamalifeinvestment.com\\\/fr\\\/#organization\",\"name\":\"Panama Life Investment\",\"url\":\"https:\\\/\\\/panamalifeinvestment.com\\\/fr\\\/\",\"logo\":{\"@type\":\"ImageObject\",\"inLanguage\":\"fr-FR\",\"@id\":\"https:\\\/\\\/panamalifeinvestment.com\\\/fr\\\/#\\\/schema\\\/logo\\\/image\\\/\",\"url\":\"https:\\\/\\\/panamalifeinvestment.com\\\/wp-content\\\/uploads\\\/2024\\\/09\\\/logo-final.png\",\"contentUrl\":\"https:\\\/\\\/panamalifeinvestment.com\\\/wp-content\\\/uploads\\\/2024\\\/09\\\/logo-final.png\",\"width\":814,\"height\":162,\"caption\":\"Panama Life Investment\"},\"image\":{\"@id\":\"https:\\\/\\\/panamalifeinvestment.com\\\/fr\\\/#\\\/schema\\\/logo\\\/image\\\/\"}}]}<\/script>\n<!-- \/ Yoast SEO Premium plugin. -->","yoast_head_json":{"title":"A propos de nous : Conseils d'experts pour l'investissement et le financement au Panama","description":"D\u00e9couvrez Invest in Panama et comment nous vous aidons \u00e0 investir dans des opportunit\u00e9s de financement et de sant\u00e9 au Panama. Des experts vous accompagnent dans votre d\u00e9marche d'investissement.","robots":{"index":"index","follow":"follow","max-snippet":"max-snippet:-1","max-image-preview":"max-image-preview:large","max-video-preview":"max-video-preview:-1"},"canonical":"https:\/\/panamalifeinvestment.com\/fr\/a-propos-de-nous\/","og_locale":"fr_FR","og_type":"article","og_title":"A propos de nous","og_description":"D\u00e9couvrez Invest in Panama et comment nous vous aidons \u00e0 investir dans des opportunit\u00e9s de financement et de sant\u00e9 au Panama. Des experts vous accompagnent dans votre d\u00e9marche d'investissement.","og_url":"https:\/\/panamalifeinvestment.com\/fr\/a-propos-de-nous\/","og_site_name":"Panama Life Investment","article_modified_time":"2024-10-08T07:40:21+00:00","og_image":[{"width":1300,"height":861,"url":"https:\/\/panamalifeinvestment.com\/wp-content\/uploads\/2024\/09\/cityscape-of-modern-panama-city-in-the-banking-and-financial-hub-of-the-city-with-the-ff-tower-more-commonly-known-as-el-tornillo-or-la-torre-tor-2XFB4YW-vxpiwfbEk-transformed.jpeg","type":"image\/jpeg"}],"twitter_card":"summary_large_image","twitter_misc":{"Dur\u00e9e de lecture estim\u00e9e":"4 minutes"},"schema":{"@context":"https:\/\/schema.org","@graph":[{"@type":"WebPage","@id":"https:\/\/panamalifeinvestment.com\/fr\/a-propos-de-nous\/","url":"https:\/\/panamalifeinvestment.com\/fr\/a-propos-de-nous\/","name":"A propos de nous : Conseils d'experts pour l'investissement et le financement au Panama","isPartOf":{"@id":"https:\/\/panamalifeinvestment.com\/fr\/#website"},"primaryImageOfPage":{"@id":"https:\/\/panamalifeinvestment.com\/fr\/a-propos-de-nous\/#primaryimage"},"image":{"@id":"https:\/\/panamalifeinvestment.com\/fr\/a-propos-de-nous\/#primaryimage"},"thumbnailUrl":"https:\/\/panamalifeinvestment.com\/wp-content\/uploads\/2024\/09\/cityscape-of-modern-panama-city-in-the-banking-and-financial-hub-of-the-city-with-the-ff-tower-more-commonly-known-as-el-tornillo-or-la-torre-tor-2XFB4YW-vxpiwfbEk-transformed.jpeg","datePublished":"2024-09-16T01:27:59+00:00","dateModified":"2024-10-08T07:40:21+00:00","description":"D\u00e9couvrez Invest in Panama et comment nous vous aidons \u00e0 investir dans des opportunit\u00e9s de financement et de sant\u00e9 au Panama. Des experts vous accompagnent dans votre d\u00e9marche d'investissement.","breadcrumb":{"@id":"https:\/\/panamalifeinvestment.com\/fr\/a-propos-de-nous\/#breadcrumb"},"inLanguage":"fr-FR","potentialAction":[{"@type":"ReadAction","target":["https:\/\/panamalifeinvestment.com\/fr\/a-propos-de-nous\/"]}]},{"@type":"ImageObject","inLanguage":"fr-FR","@id":"https:\/\/panamalifeinvestment.com\/fr\/a-propos-de-nous\/#primaryimage","url":"https:\/\/panamalifeinvestment.com\/wp-content\/uploads\/2024\/09\/cityscape-of-modern-panama-city-in-the-banking-and-financial-hub-of-the-city-with-the-ff-tower-more-commonly-known-as-el-tornillo-or-la-torre-tor-2XFB4YW-vxpiwfbEk-transformed.jpeg","contentUrl":"https:\/\/panamalifeinvestment.com\/wp-content\/uploads\/2024\/09\/cityscape-of-modern-panama-city-in-the-banking-and-financial-hub-of-the-city-with-the-ff-tower-more-commonly-known-as-el-tornillo-or-la-torre-tor-2XFB4YW-vxpiwfbEk-transformed.jpeg","width":1300,"height":861,"caption":"About Us Panama Investment"},{"@type":"BreadcrumbList","@id":"https:\/\/panamalifeinvestment.com\/fr\/a-propos-de-nous\/#breadcrumb","itemListElement":[{"@type":"ListItem","position":1,"name":"Home","item":"https:\/\/panamalifeinvestment.com\/fr\/"},{"@type":"ListItem","position":2,"name":"A propos de nous"}]},{"@type":"WebSite","@id":"https:\/\/panamalifeinvestment.com\/fr\/#website","url":"https:\/\/panamalifeinvestment.com\/fr\/","name":"Panama Life Investment","description":"Your Trusted Partner in Panama for Wealth &amp; Health","publisher":{"@id":"https:\/\/panamalifeinvestment.com\/fr\/#organization"},"potentialAction":[{"@type":"SearchAction","target":{"@type":"EntryPoint","urlTemplate":"https:\/\/panamalifeinvestment.com\/fr\/?s={search_term_string}"},"query-input":{"@type":"PropertyValueSpecification","valueRequired":true,"valueName":"search_term_string"}}],"inLanguage":"fr-FR"},{"@type":"Organization","@id":"https:\/\/panamalifeinvestment.com\/fr\/#organization","name":"Panama Life Investment","url":"https:\/\/panamalifeinvestment.com\/fr\/","logo":{"@type":"ImageObject","inLanguage":"fr-FR","@id":"https:\/\/panamalifeinvestment.com\/fr\/#\/schema\/logo\/image\/","url":"https:\/\/panamalifeinvestment.com\/wp-content\/uploads\/2024\/09\/logo-final.png","contentUrl":"https:\/\/panamalifeinvestment.com\/wp-content\/uploads\/2024\/09\/logo-final.png","width":814,"height":162,"caption":"Panama Life Investment"},"image":{"@id":"https:\/\/panamalifeinvestment.com\/fr\/#\/schema\/logo\/image\/"}}]}},"_links":{"self":[{"href":"https:\/\/panamalifeinvestment.com\/fr\/wp-json\/wp\/v2\/pages\/3471","targetHints":{"allow":["GET"]}}],"collection":[{"href":"https:\/\/panamalifeinvestment.com\/fr\/wp-json\/wp\/v2\/pages"}],"about":[{"href":"https:\/\/panamalifeinvestment.com\/fr\/wp-json\/wp\/v2\/types\/page"}],"author":[{"embeddable":true,"href":"https:\/\/panamalifeinvestment.com\/fr\/wp-json\/wp\/v2\/users\/1"}],"replies":[{"embeddable":true,"href":"https:\/\/panamalifeinvestment.com\/fr\/wp-json\/wp\/v2\/comments?post=3471"}],"version-history":[{"count":2,"href":"https:\/\/panamalifeinvestment.com\/fr\/wp-json\/wp\/v2\/pages\/3471\/revisions"}],"predecessor-version":[{"id":3480,"href":"https:\/\/panamalifeinvestment.com\/fr\/wp-json\/wp\/v2\/pages\/3471\/revisions\/3480"}],"wp:featuredmedia":[{"embeddable":true,"href":"https:\/\/panamalifeinvestment.com\/fr\/wp-json\/wp\/v2\/media\/1750"}],"wp:attachment":[{"href":"https:\/\/panamalifeinvestment.com\/fr\/wp-json\/wp\/v2\/media?parent=3471"}],"curies":[{"name":"wp","href":"https:\/\/api.w.org\/{rel}","templated":true}]}}