{"id":3428,"date":"2024-09-15T20:27:59","date_gmt":"2024-09-16T01:27:59","guid":{"rendered":"https:\/\/panamalifeinvestment.com\/sobre-nosotros\/"},"modified":"2024-10-08T02:40:20","modified_gmt":"2024-10-08T07:40:20","slug":"sobre-nosotros","status":"publish","type":"page","link":"https:\/\/panamalifeinvestment.com\/es\/sobre-nosotros\/","title":{"rendered":"Sobre nosotros"},"content":{"rendered":"\t\t<div data-elementor-type=\"wp-page\" data-elementor-id=\"3428\" class=\"elementor elementor-3428 elementor-288\" data-elementor-post-type=\"page\">\n\t\t\t\t\t\t<section class=\"elementor-section elementor-top-section elementor-element elementor-element-a890b3a elementor-section-height-min-height elementor-section-boxed elementor-section-height-default elementor-section-items-middle\" data-id=\"a890b3a\" data-element_type=\"section\" data-e-type=\"section\" data-settings=\"{&quot;background_background&quot;:&quot;classic&quot;}\">\n\t\t\t\t\t\t\t<div class=\"elementor-background-overlay\"><\/div>\n\t\t\t\t\t\t\t<div class=\"elementor-container elementor-column-gap-default\">\n\t\t\t\t\t<div class=\"elementor-column elementor-col-100 elementor-top-column elementor-element elementor-element-801eae7\" data-id=\"801eae7\" data-element_type=\"column\" data-e-type=\"column\">\n\t\t\t<div class=\"elementor-widget-wrap elementor-element-populated\">\n\t\t\t\t\t\t<div class=\"elementor-element elementor-element-0202ff1 elementor-widget__width-initial elementor-widget elementor-widget-heading\" data-id=\"0202ff1\" data-element_type=\"widget\" data-e-type=\"widget\" data-widget_type=\"heading.default\">\n\t\t\t\t<div class=\"elementor-widget-container\">\n\t\t\t\t\t<h1 class=\"elementor-heading-title elementor-size-default\">Tu socio de confianza para invertir y financiar en Panam\u00e1<\/h1>\t\t\t\t<\/div>\n\t\t\t\t<\/div>\n\t\t\t\t<div class=\"elementor-element elementor-element-7b88dea elementor-widget elementor-widget-heading\" data-id=\"7b88dea\" data-element_type=\"widget\" data-e-type=\"widget\" data-widget_type=\"heading.default\">\n\t\t\t\t<div class=\"elementor-widget-container\">\n\t\t\t\t\t<h2 class=\"elementor-heading-title elementor-size-default\">Descubre c\u00f3mo te ayudamos a alcanzar tus objetivos de inversi\u00f3n en Panam\u00e1<\/h2>\t\t\t\t<\/div>\n\t\t\t\t<\/div>\n\t\t\t\t<div class=\"elementor-element elementor-element-e21038a elementor-align-right elementor-widget__width-auto elementor-widget elementor-widget-button\" data-id=\"e21038a\" data-element_type=\"widget\" data-e-type=\"widget\" data-widget_type=\"button.default\">\n\t\t\t\t<div class=\"elementor-widget-container\">\n\t\t\t\t\t\t\t\t\t<div class=\"elementor-button-wrapper\">\n\t\t\t\t\t<a class=\"elementor-button elementor-button-link elementor-size-sm elementor-animation-grow\" href=\"https:\/\/panamalifeinvestment.com\/book-a-free-consultation\/\">\n\t\t\t\t\t\t<span class=\"elementor-button-content-wrapper\">\n\t\t\t\t\t\t\t\t\t<span class=\"elementor-button-text\">Reserva una consulta gratuita<\/span>\n\t\t\t\t\t<\/span>\n\t\t\t\t\t<\/a>\n\t\t\t\t<\/div>\n\t\t\t\t\t\t\t\t<\/div>\n\t\t\t\t<\/div>\n\t\t\t\t\t<\/div>\n\t\t<\/div>\n\t\t\t\t\t<\/div>\n\t\t<\/section>\n\t\t\t\t<section class=\"elementor-section elementor-top-section elementor-element elementor-element-6e16e90 elementor-section-boxed elementor-section-height-default elementor-section-height-default\" data-id=\"6e16e90\" data-element_type=\"section\" data-e-type=\"section\">\n\t\t\t\t\t\t<div class=\"elementor-container elementor-column-gap-default\">\n\t\t\t\t\t<div class=\"elementor-column elementor-col-100 elementor-top-column elementor-element elementor-element-a86c366\" data-id=\"a86c366\" data-element_type=\"column\" data-e-type=\"column\">\n\t\t\t<div class=\"elementor-widget-wrap elementor-element-populated\">\n\t\t\t\t\t\t<div class=\"elementor-element elementor-element-ac85a0b elementor-widget elementor-widget-text-editor\" data-id=\"ac85a0b\" data-element_type=\"widget\" data-e-type=\"widget\" data-widget_type=\"text-editor.default\">\n\t\t\t\t<div class=\"elementor-widget-container\">\n\t\t\t\t\t\t\t\t\t<p>En Invest in <a href=\"https:\/\/letsgo2panama.com\/\" target=\"_blank\" rel=\"noopener\">Panama<\/a>, nos dedicamos a guiarte por el din\u00e1mico mundo de la inversi\u00f3n y las finanzas en Panam\u00e1. Con a\u00f1os de experiencia y un profundo conocimiento del mercado local, nuestro equipo ofrece soluciones expertas para una amplia gama de necesidades, desde oportunidades de financiaci\u00f3n hasta inversiones en el sector sanitario. Obt\u00e9n m\u00e1s informaci\u00f3n sobre qui\u00e9nes somos y c\u00f3mo podemos ayudarte en tu viaje de inversi\u00f3n en Panam\u00e1.  <\/p>\n\t\t\t\t\t\t\t\t<\/div>\n\t\t\t\t<\/div>\n\t\t\t\t<div class=\"elementor-element elementor-element-cdb4b0f elementor-widget elementor-widget-heading\" data-id=\"cdb4b0f\" data-element_type=\"widget\" data-e-type=\"widget\" data-widget_type=\"heading.default\">\n\t\t\t\t<div class=\"elementor-widget-container\">\n\t\t\t\t\t<h3 class=\"elementor-heading-title elementor-size-default\"><a href=\"https:\/\/panamalifeinvestment.com\/es\/?page_id=3430\">Nuestra misi\u00f3n<\/a><\/h3>\t\t\t\t<\/div>\n\t\t\t\t<\/div>\n\t\t\t\t<div class=\"elementor-element elementor-element-687b481 elementor-widget elementor-widget-text-editor\" data-id=\"687b481\" data-element_type=\"widget\" data-e-type=\"widget\" data-widget_type=\"text-editor.default\">\n\t\t\t\t<div class=\"elementor-widget-container\">\n\t\t\t\t\t\t\t\t\t<p>Nuestra misi\u00f3n es proporcionar apoyo y experiencia sin igual a los inversores y empresas que buscan oportunidades en Panam\u00e1. Estamos especializados en la <strong>financiaci\u00f3n de inversiones en Panam\u00e1<\/strong>, ofreciendo soluciones a medida que te ayuden a navegar por el panorama financiero y alcanzar tus objetivos de inversi\u00f3n. Tanto si buscas obtener financiaci\u00f3n como explorar nuevas oportunidades de mercado o ampliar tus operaciones, estamos aqu\u00ed para ayudarte en cada paso del camino.  <\/p>\n\t\t\t\t\t\t\t\t<\/div>\n\t\t\t\t<\/div>\n\t\t\t\t<div class=\"elementor-element elementor-element-bfe4cc3 elementor-widget elementor-widget-heading\" data-id=\"bfe4cc3\" data-element_type=\"widget\" data-e-type=\"widget\" data-widget_type=\"heading.default\">\n\t\t\t\t<div class=\"elementor-widget-container\">\n\t\t\t\t\t<h3 class=\"elementor-heading-title elementor-size-default\">\u00bfPor qu\u00e9 elegirnos?\n<\/h3>\t\t\t\t<\/div>\n\t\t\t\t<\/div>\n\t\t\t\t<div class=\"elementor-element elementor-element-459bc92 elementor-widget elementor-widget-text-editor\" data-id=\"459bc92\" data-element_type=\"widget\" data-e-type=\"widget\" data-widget_type=\"text-editor.default\">\n\t\t\t\t<div class=\"elementor-widget-container\">\n\t\t\t\t\t\t\t\t\t<ul>\n<li>\n<p><strong>Experiencia en Financiaci\u00f3n e Inversiones:<\/strong> Nuestro equipo tiene una amplia experiencia en <strong>financiaci\u00f3n de inversiones en Panam\u00e1<\/strong>, lo que garantiza que recibas el mejor asesoramiento y las mejores estrategias para asegurar y gestionar las inversiones. Entendemos el entorno financiero local y proporcionamos soluciones que se alinean con tus objetivos. <\/p>\n<\/li>\n<li>\n<p><strong>Oportunidades integrales de inversi\u00f3n en salud:<\/strong> Reconocemos la creciente importancia del sector sanitario en Panam\u00e1 y ofrecemos servicios especializados para <strong>invertir en salud en Panam\u00e1<\/strong>. Nuestra experiencia en este sector incluye la identificaci\u00f3n de oportunidades prometedoras, la navegaci\u00f3n por los requisitos normativos y la maximizaci\u00f3n del rendimiento de las inversiones relacionadas con la salud. <\/p>\n<\/li>\n<li>\n<p><strong>Enfoque centrado en el cliente:<\/strong> Damos prioridad a tus necesidades y adaptamos nuestros servicios para cumplir tus objetivos de inversi\u00f3n espec\u00edficos. Tanto si eres un inversor experimentado como si eres nuevo en el mercado paname\u00f1o, nuestro equipo se compromete a ofrecerte apoyo personalizado y conocimientos pr\u00e1cticos. <\/p>\n<\/li>\n<li>\n<p><strong>Conocimiento local y alcance global:<\/strong> Con un profundo conocimiento del mercado paname\u00f1o y de las pr\u00e1cticas empresariales internacionales, tendemos puentes entre las oportunidades locales y las estrategias de inversi\u00f3n globales. Nuestra red y experiencia nos permiten ofrecer valiosas perspectivas y facilitar inversiones de \u00e9xito. <\/p>\n<\/li>\n<\/ul>\n\t\t\t\t\t\t\t\t<\/div>\n\t\t\t\t<\/div>\n\t\t\t\t<div class=\"elementor-element elementor-element-c6354e7 elementor-widget elementor-widget-heading\" data-id=\"c6354e7\" data-element_type=\"widget\" data-e-type=\"widget\" data-widget_type=\"heading.default\">\n\t\t\t\t<div class=\"elementor-widget-container\">\n\t\t\t\t\t<h3 class=\"elementor-heading-title elementor-size-default\">Nuestros servicios<\/h3>\t\t\t\t<\/div>\n\t\t\t\t<\/div>\n\t\t\t\t<div class=\"elementor-element elementor-element-2531114 elementor-widget elementor-widget-text-editor\" data-id=\"2531114\" data-element_type=\"widget\" data-e-type=\"widget\" data-widget_type=\"text-editor.default\">\n\t\t\t\t<div class=\"elementor-widget-container\">\n\t\t\t\t\t\t\t\t\t<ul>\n<li>\n<p><strong>Financiaci\u00f3n de Inversiones en Panam\u00e1:<\/strong> Ayudamos a los clientes a identificar y asegurar opciones de financiaci\u00f3n para diversos proyectos de inversi\u00f3n. Desde la obtenci\u00f3n de pr\u00e9stamos y capital riesgo hasta la estructuraci\u00f3n de acuerdos financieros, nuestro equipo proporciona un apoyo integral para garantizar resultados financieros satisfactorios. <\/p>\n<\/li>\n<li>\n<p><strong>Invertir en Salud en Panam\u00e1:<\/strong> Ofrecemos servicios especializados para invertir en el floreciente sector sanitario de Panam\u00e1. Nuestra experiencia incluye an\u00e1lisis de mercado, orientaci\u00f3n normativa y estrategias de inversi\u00f3n adaptadas a empresas sanitarias y m\u00e9dicas. <\/p>\n<\/li>\n<li>\n<p><strong>Desarrollo de estrategias de inversi\u00f3n:<\/strong> Trabajamos contigo para desarrollar estrategias de inversi\u00f3n personalizadas que se ajusten a tus objetivos financieros y a tu tolerancia al riesgo. Nuestro enfoque incluye un minucioso estudio de mercado y una planificaci\u00f3n estrat\u00e9gica para optimizar tu potencial de inversi\u00f3n. <\/p>\n<\/li>\n<li>\n<p><strong>Apoyo normativo y de cumplimiento:<\/strong> Navegar por los requisitos normativos puede ser complejo. Proporcionamos orientaci\u00f3n sobre el cumplimiento de las leyes y reglamentos paname\u00f1os, garantizando que tus inversiones cumplan todas las normas legales y operativas. <\/p>\n<\/li>\n<\/ul>\n\t\t\t\t\t\t\t\t<\/div>\n\t\t\t\t<\/div>\n\t\t\t\t<div class=\"elementor-element elementor-element-ae1a429 elementor-widget elementor-widget-heading\" data-id=\"ae1a429\" data-element_type=\"widget\" data-e-type=\"widget\" data-widget_type=\"heading.default\">\n\t\t\t\t<div class=\"elementor-widget-container\">\n\t\t\t\t\t<h3 class=\"elementor-heading-title elementor-size-default\">Nuestro equipo\n<\/h3>\t\t\t\t<\/div>\n\t\t\t\t<\/div>\n\t\t\t\t<div class=\"elementor-element elementor-element-5e153fa elementor-widget elementor-widget-text-editor\" data-id=\"5e153fa\" data-element_type=\"widget\" data-e-type=\"widget\" data-widget_type=\"text-editor.default\">\n\t\t\t\t<div class=\"elementor-widget-container\">\n\t\t\t\t\t\t\t\t\t<p>Nuestro equipo est\u00e1 formado por profesionales con experiencia en finanzas, inversiones y conocimientos espec\u00edficos del sector. Nos apasiona ayudarte a tener \u00e9xito y nos dedicamos a prestarte un servicio y una asistencia excepcionales. <\/p>\n\t\t\t\t\t\t\t\t<\/div>\n\t\t\t\t<\/div>\n\t\t\t\t<div class=\"elementor-element elementor-element-61beaf2 elementor-widget elementor-widget-heading\" data-id=\"61beaf2\" data-element_type=\"widget\" data-e-type=\"widget\" data-widget_type=\"heading.default\">\n\t\t\t\t<div class=\"elementor-widget-container\">\n\t\t\t\t\t<h3 class=\"elementor-heading-title elementor-size-default\">Contacta con nosotros\n<\/h3>\t\t\t\t<\/div>\n\t\t\t\t<\/div>\n\t\t\t\t<div class=\"elementor-element elementor-element-190c884 elementor-widget elementor-widget-text-editor\" data-id=\"190c884\" data-element_type=\"widget\" data-e-type=\"widget\" data-widget_type=\"text-editor.default\">\n\t\t\t\t<div class=\"elementor-widget-container\">\n\t\t\t\t\t\t\t\t\t<p>\u00bfEst\u00e1s listo para explorar las oportunidades de inversi\u00f3n en Panam\u00e1? Ponte en contacto con nosotros hoy mismo para saber c\u00f3mo nuestra experiencia en <strong>financiaci\u00f3n de inversiones en Panam\u00e1<\/strong> y <strong>salud de las inversiones en Panam\u00e1<\/strong> puede ayudarte a alcanzar tus objetivos. Perm\u00edtenos ser tu socio de confianza para navegar por el mercado paname\u00f1o y hacer realidad tus ambiciones de inversi\u00f3n.  <\/p>\n\t\t\t\t\t\t\t\t<\/div>\n\t\t\t\t<\/div>\n\t\t\t\t\t<\/div>\n\t\t<\/div>\n\t\t\t\t\t<\/div>\n\t\t<\/section>\n\t\t\t\t<\/div>\n\t\t","protected":false},"excerpt":{"rendered":"<p>Tu socio de confianza para invertir y financiar en Panam\u00e1 Descubre c\u00f3mo te ayudamos a alcanzar tus objetivos de inversi\u00f3n en Panam\u00e1 Reserva una consulta gratuita En Invest in Panama, nos dedicamos a guiarte por el din\u00e1mico mundo de la inversi\u00f3n y las finanzas en Panam\u00e1. Con a\u00f1os de experiencia y un profundo conocimiento del [&hellip;]<\/p>\n","protected":false},"author":1,"featured_media":1754,"parent":0,"menu_order":0,"comment_status":"closed","ping_status":"closed","template":"elementor_header_footer","meta":{"footnotes":""},"class_list":["post-3428","page","type-page","status-publish","has-post-thumbnail","hentry"],"acf":[],"yoast_head":"<!-- This site is optimized with the Yoast SEO Premium plugin v23.4 (Yoast SEO v27.4) - https:\/\/yoast.com\/product\/yoast-seo-premium-wordpress\/ -->\n<title>Sobre nosotros: Orientaci\u00f3n experta para invertir y financiarse en Panam\u00e1<\/title>\n<meta name=\"description\" content=\"Inf\u00f3rmate sobre Invertir en Panam\u00e1 y c\u00f3mo te ayudamos con la financiaci\u00f3n de inversiones y las oportunidades de salud en Panam\u00e1. Apoyo experto para tu viaje de inversi\u00f3n.\" \/>\n<meta name=\"robots\" content=\"index, follow, max-snippet:-1, max-image-preview:large, max-video-preview:-1\" \/>\n<link rel=\"canonical\" href=\"https:\/\/panamalifeinvestment.com\/es\/sobre-nosotros\/\" \/>\n<meta property=\"og:locale\" content=\"es_ES\" \/>\n<meta property=\"og:type\" content=\"article\" \/>\n<meta property=\"og:title\" content=\"Sobre nosotros\" \/>\n<meta property=\"og:description\" content=\"Inf\u00f3rmate sobre Invertir en Panam\u00e1 y c\u00f3mo te ayudamos con la financiaci\u00f3n de inversiones y las oportunidades de salud en Panam\u00e1. Apoyo experto para tu viaje de inversi\u00f3n.\" \/>\n<meta property=\"og:url\" content=\"https:\/\/panamalifeinvestment.com\/es\/sobre-nosotros\/\" \/>\n<meta property=\"og:site_name\" content=\"Panama Life Investment\" \/>\n<meta property=\"article:modified_time\" content=\"2024-10-08T07:40:20+00:00\" \/>\n<meta property=\"og:image\" content=\"https:\/\/panamalifeinvestment.com\/wp-content\/uploads\/2024\/09\/cityscape-of-modern-panama-city-in-the-banking-and-financial-hub-of-the-city-with-the-ff-tower-more-commonly-known-as-el-tornillo-or-la-torre-tor-2XFB4YW-vxpiwfbEk-transformed.jpeg\" \/>\n\t<meta property=\"og:image:width\" content=\"1300\" \/>\n\t<meta property=\"og:image:height\" content=\"861\" \/>\n\t<meta property=\"og:image:type\" content=\"image\/jpeg\" \/>\n<meta name=\"twitter:card\" content=\"summary_large_image\" \/>\n<meta name=\"twitter:label1\" content=\"Tiempo de lectura\" \/>\n\t<meta name=\"twitter:data1\" content=\"3 minutos\" \/>\n<script type=\"application\/ld+json\" class=\"yoast-schema-graph\">{\"@context\":\"https:\\\/\\\/schema.org\",\"@graph\":[{\"@type\":\"WebPage\",\"@id\":\"https:\\\/\\\/panamalifeinvestment.com\\\/es\\\/sobre-nosotros\\\/\",\"url\":\"https:\\\/\\\/panamalifeinvestment.com\\\/es\\\/sobre-nosotros\\\/\",\"name\":\"Sobre nosotros: Orientaci\u00f3n experta para invertir y financiarse en Panam\u00e1\",\"isPartOf\":{\"@id\":\"https:\\\/\\\/panamalifeinvestment.com\\\/es\\\/#website\"},\"primaryImageOfPage\":{\"@id\":\"https:\\\/\\\/panamalifeinvestment.com\\\/es\\\/sobre-nosotros\\\/#primaryimage\"},\"image\":{\"@id\":\"https:\\\/\\\/panamalifeinvestment.com\\\/es\\\/sobre-nosotros\\\/#primaryimage\"},\"thumbnailUrl\":\"https:\\\/\\\/panamalifeinvestment.com\\\/wp-content\\\/uploads\\\/2024\\\/09\\\/cityscape-of-modern-panama-city-in-the-banking-and-financial-hub-of-the-city-with-the-ff-tower-more-commonly-known-as-el-tornillo-or-la-torre-tor-2XFB4YW-vxpiwfbEk-transformed.jpeg\",\"datePublished\":\"2024-09-16T01:27:59+00:00\",\"dateModified\":\"2024-10-08T07:40:20+00:00\",\"description\":\"Inf\u00f3rmate sobre Invertir en Panam\u00e1 y c\u00f3mo te ayudamos con la financiaci\u00f3n de inversiones y las oportunidades de salud en Panam\u00e1. Apoyo experto para tu viaje de inversi\u00f3n.\",\"breadcrumb\":{\"@id\":\"https:\\\/\\\/panamalifeinvestment.com\\\/es\\\/sobre-nosotros\\\/#breadcrumb\"},\"inLanguage\":\"es\",\"potentialAction\":[{\"@type\":\"ReadAction\",\"target\":[\"https:\\\/\\\/panamalifeinvestment.com\\\/es\\\/sobre-nosotros\\\/\"]}]},{\"@type\":\"ImageObject\",\"inLanguage\":\"es\",\"@id\":\"https:\\\/\\\/panamalifeinvestment.com\\\/es\\\/sobre-nosotros\\\/#primaryimage\",\"url\":\"https:\\\/\\\/panamalifeinvestment.com\\\/wp-content\\\/uploads\\\/2024\\\/09\\\/cityscape-of-modern-panama-city-in-the-banking-and-financial-hub-of-the-city-with-the-ff-tower-more-commonly-known-as-el-tornillo-or-la-torre-tor-2XFB4YW-vxpiwfbEk-transformed.jpeg\",\"contentUrl\":\"https:\\\/\\\/panamalifeinvestment.com\\\/wp-content\\\/uploads\\\/2024\\\/09\\\/cityscape-of-modern-panama-city-in-the-banking-and-financial-hub-of-the-city-with-the-ff-tower-more-commonly-known-as-el-tornillo-or-la-torre-tor-2XFB4YW-vxpiwfbEk-transformed.jpeg\",\"width\":1300,\"height\":861,\"caption\":\"About Us Panama Investment\"},{\"@type\":\"BreadcrumbList\",\"@id\":\"https:\\\/\\\/panamalifeinvestment.com\\\/es\\\/sobre-nosotros\\\/#breadcrumb\",\"itemListElement\":[{\"@type\":\"ListItem\",\"position\":1,\"name\":\"Home\",\"item\":\"https:\\\/\\\/panamalifeinvestment.com\\\/es\\\/\"},{\"@type\":\"ListItem\",\"position\":2,\"name\":\"Sobre nosotros\"}]},{\"@type\":\"WebSite\",\"@id\":\"https:\\\/\\\/panamalifeinvestment.com\\\/es\\\/#website\",\"url\":\"https:\\\/\\\/panamalifeinvestment.com\\\/es\\\/\",\"name\":\"Panama Life Investment\",\"description\":\"Your Trusted Partner in Panama for Wealth &amp; Health\",\"publisher\":{\"@id\":\"https:\\\/\\\/panamalifeinvestment.com\\\/es\\\/#organization\"},\"potentialAction\":[{\"@type\":\"SearchAction\",\"target\":{\"@type\":\"EntryPoint\",\"urlTemplate\":\"https:\\\/\\\/panamalifeinvestment.com\\\/es\\\/?s={search_term_string}\"},\"query-input\":{\"@type\":\"PropertyValueSpecification\",\"valueRequired\":true,\"valueName\":\"search_term_string\"}}],\"inLanguage\":\"es\"},{\"@type\":\"Organization\",\"@id\":\"https:\\\/\\\/panamalifeinvestment.com\\\/es\\\/#organization\",\"name\":\"Panama Life Investment\",\"url\":\"https:\\\/\\\/panamalifeinvestment.com\\\/es\\\/\",\"logo\":{\"@type\":\"ImageObject\",\"inLanguage\":\"es\",\"@id\":\"https:\\\/\\\/panamalifeinvestment.com\\\/es\\\/#\\\/schema\\\/logo\\\/image\\\/\",\"url\":\"https:\\\/\\\/panamalifeinvestment.com\\\/wp-content\\\/uploads\\\/2024\\\/09\\\/logo-final.png\",\"contentUrl\":\"https:\\\/\\\/panamalifeinvestment.com\\\/wp-content\\\/uploads\\\/2024\\\/09\\\/logo-final.png\",\"width\":814,\"height\":162,\"caption\":\"Panama Life Investment\"},\"image\":{\"@id\":\"https:\\\/\\\/panamalifeinvestment.com\\\/es\\\/#\\\/schema\\\/logo\\\/image\\\/\"}}]}<\/script>\n<!-- \/ Yoast SEO Premium plugin. -->","yoast_head_json":{"title":"Sobre nosotros: Orientaci\u00f3n experta para invertir y financiarse en Panam\u00e1","description":"Inf\u00f3rmate sobre Invertir en Panam\u00e1 y c\u00f3mo te ayudamos con la financiaci\u00f3n de inversiones y las oportunidades de salud en Panam\u00e1. Apoyo experto para tu viaje de inversi\u00f3n.","robots":{"index":"index","follow":"follow","max-snippet":"max-snippet:-1","max-image-preview":"max-image-preview:large","max-video-preview":"max-video-preview:-1"},"canonical":"https:\/\/panamalifeinvestment.com\/es\/sobre-nosotros\/","og_locale":"es_ES","og_type":"article","og_title":"Sobre nosotros","og_description":"Inf\u00f3rmate sobre Invertir en Panam\u00e1 y c\u00f3mo te ayudamos con la financiaci\u00f3n de inversiones y las oportunidades de salud en Panam\u00e1. Apoyo experto para tu viaje de inversi\u00f3n.","og_url":"https:\/\/panamalifeinvestment.com\/es\/sobre-nosotros\/","og_site_name":"Panama Life Investment","article_modified_time":"2024-10-08T07:40:20+00:00","og_image":[{"width":1300,"height":861,"url":"https:\/\/panamalifeinvestment.com\/wp-content\/uploads\/2024\/09\/cityscape-of-modern-panama-city-in-the-banking-and-financial-hub-of-the-city-with-the-ff-tower-more-commonly-known-as-el-tornillo-or-la-torre-tor-2XFB4YW-vxpiwfbEk-transformed.jpeg","type":"image\/jpeg"}],"twitter_card":"summary_large_image","twitter_misc":{"Tiempo de lectura":"3 minutos"},"schema":{"@context":"https:\/\/schema.org","@graph":[{"@type":"WebPage","@id":"https:\/\/panamalifeinvestment.com\/es\/sobre-nosotros\/","url":"https:\/\/panamalifeinvestment.com\/es\/sobre-nosotros\/","name":"Sobre nosotros: Orientaci\u00f3n experta para invertir y financiarse en Panam\u00e1","isPartOf":{"@id":"https:\/\/panamalifeinvestment.com\/es\/#website"},"primaryImageOfPage":{"@id":"https:\/\/panamalifeinvestment.com\/es\/sobre-nosotros\/#primaryimage"},"image":{"@id":"https:\/\/panamalifeinvestment.com\/es\/sobre-nosotros\/#primaryimage"},"thumbnailUrl":"https:\/\/panamalifeinvestment.com\/wp-content\/uploads\/2024\/09\/cityscape-of-modern-panama-city-in-the-banking-and-financial-hub-of-the-city-with-the-ff-tower-more-commonly-known-as-el-tornillo-or-la-torre-tor-2XFB4YW-vxpiwfbEk-transformed.jpeg","datePublished":"2024-09-16T01:27:59+00:00","dateModified":"2024-10-08T07:40:20+00:00","description":"Inf\u00f3rmate sobre Invertir en Panam\u00e1 y c\u00f3mo te ayudamos con la financiaci\u00f3n de inversiones y las oportunidades de salud en Panam\u00e1. Apoyo experto para tu viaje de inversi\u00f3n.","breadcrumb":{"@id":"https:\/\/panamalifeinvestment.com\/es\/sobre-nosotros\/#breadcrumb"},"inLanguage":"es","potentialAction":[{"@type":"ReadAction","target":["https:\/\/panamalifeinvestment.com\/es\/sobre-nosotros\/"]}]},{"@type":"ImageObject","inLanguage":"es","@id":"https:\/\/panamalifeinvestment.com\/es\/sobre-nosotros\/#primaryimage","url":"https:\/\/panamalifeinvestment.com\/wp-content\/uploads\/2024\/09\/cityscape-of-modern-panama-city-in-the-banking-and-financial-hub-of-the-city-with-the-ff-tower-more-commonly-known-as-el-tornillo-or-la-torre-tor-2XFB4YW-vxpiwfbEk-transformed.jpeg","contentUrl":"https:\/\/panamalifeinvestment.com\/wp-content\/uploads\/2024\/09\/cityscape-of-modern-panama-city-in-the-banking-and-financial-hub-of-the-city-with-the-ff-tower-more-commonly-known-as-el-tornillo-or-la-torre-tor-2XFB4YW-vxpiwfbEk-transformed.jpeg","width":1300,"height":861,"caption":"About Us Panama Investment"},{"@type":"BreadcrumbList","@id":"https:\/\/panamalifeinvestment.com\/es\/sobre-nosotros\/#breadcrumb","itemListElement":[{"@type":"ListItem","position":1,"name":"Home","item":"https:\/\/panamalifeinvestment.com\/es\/"},{"@type":"ListItem","position":2,"name":"Sobre nosotros"}]},{"@type":"WebSite","@id":"https:\/\/panamalifeinvestment.com\/es\/#website","url":"https:\/\/panamalifeinvestment.com\/es\/","name":"Panama Life Investment","description":"Your Trusted Partner in Panama for Wealth &amp; Health","publisher":{"@id":"https:\/\/panamalifeinvestment.com\/es\/#organization"},"potentialAction":[{"@type":"SearchAction","target":{"@type":"EntryPoint","urlTemplate":"https:\/\/panamalifeinvestment.com\/es\/?s={search_term_string}"},"query-input":{"@type":"PropertyValueSpecification","valueRequired":true,"valueName":"search_term_string"}}],"inLanguage":"es"},{"@type":"Organization","@id":"https:\/\/panamalifeinvestment.com\/es\/#organization","name":"Panama Life Investment","url":"https:\/\/panamalifeinvestment.com\/es\/","logo":{"@type":"ImageObject","inLanguage":"es","@id":"https:\/\/panamalifeinvestment.com\/es\/#\/schema\/logo\/image\/","url":"https:\/\/panamalifeinvestment.com\/wp-content\/uploads\/2024\/09\/logo-final.png","contentUrl":"https:\/\/panamalifeinvestment.com\/wp-content\/uploads\/2024\/09\/logo-final.png","width":814,"height":162,"caption":"Panama Life Investment"},"image":{"@id":"https:\/\/panamalifeinvestment.com\/es\/#\/schema\/logo\/image\/"}}]}},"_links":{"self":[{"href":"https:\/\/panamalifeinvestment.com\/es\/wp-json\/wp\/v2\/pages\/3428","targetHints":{"allow":["GET"]}}],"collection":[{"href":"https:\/\/panamalifeinvestment.com\/es\/wp-json\/wp\/v2\/pages"}],"about":[{"href":"https:\/\/panamalifeinvestment.com\/es\/wp-json\/wp\/v2\/types\/page"}],"author":[{"embeddable":true,"href":"https:\/\/panamalifeinvestment.com\/es\/wp-json\/wp\/v2\/users\/1"}],"replies":[{"embeddable":true,"href":"https:\/\/panamalifeinvestment.com\/es\/wp-json\/wp\/v2\/comments?post=3428"}],"version-history":[{"count":3,"href":"https:\/\/panamalifeinvestment.com\/es\/wp-json\/wp\/v2\/pages\/3428\/revisions"}],"predecessor-version":[{"id":3446,"href":"https:\/\/panamalifeinvestment.com\/es\/wp-json\/wp\/v2\/pages\/3428\/revisions\/3446"}],"wp:featuredmedia":[{"embeddable":true,"href":"https:\/\/panamalifeinvestment.com\/es\/wp-json\/wp\/v2\/media\/1754"}],"wp:attachment":[{"href":"https:\/\/panamalifeinvestment.com\/es\/wp-json\/wp\/v2\/media?parent=3428"}],"curies":[{"name":"wp","href":"https:\/\/api.w.org\/{rel}","templated":true}]}}