{"id":3460,"date":"2024-09-15T20:27:59","date_gmt":"2024-09-16T01:27:59","guid":{"rendered":"https:\/\/panamalifeinvestment.com\/ueber-uns\/"},"modified":"2024-10-08T02:40:21","modified_gmt":"2024-10-08T07:40:21","slug":"ueber-uns","status":"publish","type":"page","link":"https:\/\/panamalifeinvestment.com\/de\/ueber-uns\/","title":{"rendered":"\u00dcber uns"},"content":{"rendered":"\t\t<div data-elementor-type=\"wp-page\" data-elementor-id=\"3460\" class=\"elementor elementor-3460 elementor-288\" data-elementor-post-type=\"page\">\n\t\t\t\t\t\t<section class=\"elementor-section elementor-top-section elementor-element elementor-element-a890b3a elementor-section-height-min-height elementor-section-boxed elementor-section-height-default elementor-section-items-middle\" data-id=\"a890b3a\" data-element_type=\"section\" data-e-type=\"section\" data-settings=\"{&quot;background_background&quot;:&quot;classic&quot;}\">\n\t\t\t\t\t\t\t<div class=\"elementor-background-overlay\"><\/div>\n\t\t\t\t\t\t\t<div class=\"elementor-container elementor-column-gap-default\">\n\t\t\t\t\t<div class=\"elementor-column elementor-col-100 elementor-top-column elementor-element elementor-element-801eae7\" data-id=\"801eae7\" data-element_type=\"column\" data-e-type=\"column\">\n\t\t\t<div class=\"elementor-widget-wrap elementor-element-populated\">\n\t\t\t\t\t\t<div class=\"elementor-element elementor-element-0202ff1 elementor-widget__width-initial elementor-widget elementor-widget-heading\" data-id=\"0202ff1\" data-element_type=\"widget\" data-e-type=\"widget\" data-widget_type=\"heading.default\">\n\t\t\t\t<div class=\"elementor-widget-container\">\n\t\t\t\t\t<h1 class=\"elementor-heading-title elementor-size-default\">Ihr zuverl\u00e4ssiger Partner f\u00fcr Investitionen und Finanzierungen in Panama<\/h1>\t\t\t\t<\/div>\n\t\t\t\t<\/div>\n\t\t\t\t<div class=\"elementor-element elementor-element-7b88dea elementor-widget elementor-widget-heading\" data-id=\"7b88dea\" data-element_type=\"widget\" data-e-type=\"widget\" data-widget_type=\"heading.default\">\n\t\t\t\t<div class=\"elementor-widget-container\">\n\t\t\t\t\t<h2 class=\"elementor-heading-title elementor-size-default\">Entdecken Sie, wie wir Ihnen helfen, Ihre Anlageziele in Panama zu erreichen<\/h2>\t\t\t\t<\/div>\n\t\t\t\t<\/div>\n\t\t\t\t<div class=\"elementor-element elementor-element-e21038a elementor-align-right elementor-widget__width-auto elementor-widget elementor-widget-button\" data-id=\"e21038a\" data-element_type=\"widget\" data-e-type=\"widget\" data-widget_type=\"button.default\">\n\t\t\t\t<div class=\"elementor-widget-container\">\n\t\t\t\t\t\t\t\t\t<div class=\"elementor-button-wrapper\">\n\t\t\t\t\t<a class=\"elementor-button elementor-button-link elementor-size-sm elementor-animation-grow\" href=\"https:\/\/panamalifeinvestment.com\/book-a-free-consultation\/\">\n\t\t\t\t\t\t<span class=\"elementor-button-content-wrapper\">\n\t\t\t\t\t\t\t\t\t<span class=\"elementor-button-text\">Buchen Sie eine kostenlose Konsultation<\/span>\n\t\t\t\t\t<\/span>\n\t\t\t\t\t<\/a>\n\t\t\t\t<\/div>\n\t\t\t\t\t\t\t\t<\/div>\n\t\t\t\t<\/div>\n\t\t\t\t\t<\/div>\n\t\t<\/div>\n\t\t\t\t\t<\/div>\n\t\t<\/section>\n\t\t\t\t<section class=\"elementor-section elementor-top-section elementor-element elementor-element-6e16e90 elementor-section-boxed elementor-section-height-default elementor-section-height-default\" data-id=\"6e16e90\" data-element_type=\"section\" data-e-type=\"section\">\n\t\t\t\t\t\t<div class=\"elementor-container elementor-column-gap-default\">\n\t\t\t\t\t<div class=\"elementor-column elementor-col-100 elementor-top-column elementor-element elementor-element-a86c366\" data-id=\"a86c366\" data-element_type=\"column\" data-e-type=\"column\">\n\t\t\t<div class=\"elementor-widget-wrap elementor-element-populated\">\n\t\t\t\t\t\t<div class=\"elementor-element elementor-element-ac85a0b elementor-widget elementor-widget-text-editor\" data-id=\"ac85a0b\" data-element_type=\"widget\" data-e-type=\"widget\" data-widget_type=\"text-editor.default\">\n\t\t\t\t<div class=\"elementor-widget-container\">\n\t\t\t\t\t\t\t\t\t<p>Wir von Invest in <a href=\"https:\/\/letsgo2panama.com\/\" target=\"_blank\" rel=\"noopener\">Panama<\/a> haben es uns zur Aufgabe gemacht, Sie durch die dynamische Welt der Investitionen und Finanzen in Panama zu f\u00fchren. Mit jahrelanger Erfahrung und einem tiefen Verst\u00e4ndnis des lokalen Marktes bietet unser Team fachkundige L\u00f6sungen f\u00fcr eine Vielzahl von Bed\u00fcrfnissen, von Finanzierungsm\u00f6glichkeiten bis hin zu Investitionen im Gesundheitssektor. Erfahren Sie mehr dar\u00fcber, wer wir sind und wie wir Sie auf Ihrer Investitionsreise in Panama unterst\u00fctzen k\u00f6nnen.  <\/p>\n\t\t\t\t\t\t\t\t<\/div>\n\t\t\t\t<\/div>\n\t\t\t\t<div class=\"elementor-element elementor-element-cdb4b0f elementor-widget elementor-widget-heading\" data-id=\"cdb4b0f\" data-element_type=\"widget\" data-e-type=\"widget\" data-widget_type=\"heading.default\">\n\t\t\t\t<div class=\"elementor-widget-container\">\n\t\t\t\t\t<h3 class=\"elementor-heading-title elementor-size-default\"><a href=\"https:\/\/panamalifeinvestment.com\/de\/?page_id=3463\">Unser Auftrag<\/a><\/h3>\t\t\t\t<\/div>\n\t\t\t\t<\/div>\n\t\t\t\t<div class=\"elementor-element elementor-element-687b481 elementor-widget elementor-widget-text-editor\" data-id=\"687b481\" data-element_type=\"widget\" data-e-type=\"widget\" data-widget_type=\"text-editor.default\">\n\t\t\t\t<div class=\"elementor-widget-container\">\n\t\t\t\t\t\t\t\t\t<p>Unsere Aufgabe ist es, Investoren und Unternehmen, die nach M\u00f6glichkeiten in Panama suchen, unvergleichliche Unterst\u00fctzung und Expertise zu bieten. Wir sind auf die <strong>Finanzierung von Investitionen in Panama<\/strong> spezialisiert und bieten ma\u00dfgeschneiderte L\u00f6sungen, die Ihnen helfen, sich in der Finanzlandschaft zurechtzufinden und Ihre Investitionsziele zu erreichen. Ganz gleich, ob Sie sich eine Finanzierung sichern, neue Marktchancen erkunden oder Ihre Gesch\u00e4ftst\u00e4tigkeit ausweiten m\u00f6chten, wir sind f\u00fcr Sie da und unterst\u00fctzen Sie bei jedem Schritt auf Ihrem Weg.  <\/p>\n\t\t\t\t\t\t\t\t<\/div>\n\t\t\t\t<\/div>\n\t\t\t\t<div class=\"elementor-element elementor-element-bfe4cc3 elementor-widget elementor-widget-heading\" data-id=\"bfe4cc3\" data-element_type=\"widget\" data-e-type=\"widget\" data-widget_type=\"heading.default\">\n\t\t\t\t<div class=\"elementor-widget-container\">\n\t\t\t\t\t<h3 class=\"elementor-heading-title elementor-size-default\">Warum uns w\u00e4hlen?\n<\/h3>\t\t\t\t<\/div>\n\t\t\t\t<\/div>\n\t\t\t\t<div class=\"elementor-element elementor-element-459bc92 elementor-widget elementor-widget-text-editor\" data-id=\"459bc92\" data-element_type=\"widget\" data-e-type=\"widget\" data-widget_type=\"text-editor.default\">\n\t\t\t\t<div class=\"elementor-widget-container\">\n\t\t\t\t\t\t\t\t\t<ul>\n<li>\n<p><strong>Kompetenz bei Finanzierungen und Investitionen:<\/strong> Unser Team verf\u00fcgt \u00fcber umfangreiche Erfahrung bei der <strong>Finanzierung von Investitionen in Panama<\/strong> und stellt sicher, dass Sie die besten Ratschl\u00e4ge und Strategien f\u00fcr die Sicherung und Verwaltung von Investitionen erhalten. Wir kennen das lokale Finanzumfeld und bieten L\u00f6sungen, die Ihren Zielen entsprechen. <\/p>\n<\/li>\n<li>\n<p><strong>Umfassende Investitionsm\u00f6glichkeiten im Gesundheitswesen:<\/strong> Wir haben die wachsende Bedeutung des Gesundheitssektors in Panama erkannt und bieten spezialisierte Dienstleistungen f\u00fcr <strong>Gesundheitsinvestitionen in Panama<\/strong> an. Unsere Expertise in diesem Sektor umfasst die Identifizierung vielversprechender Gelegenheiten, das Navigieren durch regulatorische Anforderungen und die Maximierung der Renditen von gesundheitsbezogenen Investitionen. <\/p>\n<\/li>\n<li>\n<p><strong>Kundenorientierter Ansatz:<\/strong> Wir stellen Ihre Bed\u00fcrfnisse in den Vordergrund und stimmen unsere Dienstleistungen auf Ihre spezifischen Anlageziele ab. Ganz gleich, ob Sie ein erfahrener Anleger oder ein Neuling auf dem panamaischen Markt sind, unser Team bietet Ihnen pers\u00f6nliche Unterst\u00fctzung und umsetzbare Erkenntnisse. <\/p>\n<\/li>\n<li>\n<p><strong>Lokales Wissen und globale Reichweite:<\/strong> Mit einem tiefen Verst\u00e4ndnis des panamaischen Marktes und der internationalen Gesch\u00e4ftspraktiken schlie\u00dfen wir die L\u00fccke zwischen lokalen M\u00f6glichkeiten und globalen Investitionsstrategien. Unser Netzwerk und unsere Expertise erm\u00f6glichen es uns, wertvolle Einblicke zu geben und erfolgreiche Investitionen zu erm\u00f6glichen. <\/p>\n<\/li>\n<\/ul>\n\t\t\t\t\t\t\t\t<\/div>\n\t\t\t\t<\/div>\n\t\t\t\t<div class=\"elementor-element elementor-element-c6354e7 elementor-widget elementor-widget-heading\" data-id=\"c6354e7\" data-element_type=\"widget\" data-e-type=\"widget\" data-widget_type=\"heading.default\">\n\t\t\t\t<div class=\"elementor-widget-container\">\n\t\t\t\t\t<h3 class=\"elementor-heading-title elementor-size-default\">Unsere Dienstleistungen<\/h3>\t\t\t\t<\/div>\n\t\t\t\t<\/div>\n\t\t\t\t<div class=\"elementor-element elementor-element-2531114 elementor-widget elementor-widget-text-editor\" data-id=\"2531114\" data-element_type=\"widget\" data-e-type=\"widget\" data-widget_type=\"text-editor.default\">\n\t\t\t\t<div class=\"elementor-widget-container\">\n\t\t\t\t\t\t\t\t\t<ul>\n<li>\n<p><strong>Finanzierung von Investitionen in Panama:<\/strong> Wir helfen unseren Kunden bei der Identifizierung und Sicherung von Finanzierungsm\u00f6glichkeiten f\u00fcr verschiedene Investitionsprojekte. Von der Sicherung von Krediten und Risikokapital bis hin zur Strukturierung von Finanzgesch\u00e4ften bietet unser Team umfassende Unterst\u00fctzung, um erfolgreiche finanzielle Ergebnisse zu gew\u00e4hrleisten. <\/p>\n<\/li>\n<li>\n<p><strong>Investieren in Gesundheit in Panama:<\/strong> Wir bieten spezialisierte Dienstleistungen f\u00fcr Investitionen in Panamas aufstrebenden Gesundheitssektor. Unsere Expertise umfasst Marktanalysen, regulatorische Beratung und Investitionsstrategien, die auf Gesundheits- und Medizinunternehmen zugeschnitten sind. <\/p>\n<\/li>\n<li>\n<p><strong>Entwicklung von Anlagestrategien:<\/strong> Wir arbeiten mit Ihnen zusammen, um ma\u00dfgeschneiderte Anlagestrategien zu entwickeln, die mit Ihren finanziellen Zielen und Ihrer Risikotoleranz \u00fcbereinstimmen. Unser Ansatz umfasst gr\u00fcndliche Marktforschung und strategische Planung, um Ihr Anlagepotenzial zu optimieren. <\/p>\n<\/li>\n<li>\n<p><strong>Unterst\u00fctzung bei der Einhaltung gesetzlicher Bestimmungen und Vorschriften:<\/strong> Der Umgang mit regulatorischen Anforderungen kann komplex sein. Wir beraten Sie bei der Einhaltung der panamaischen Gesetze und Vorschriften und stellen sicher, dass Ihre Investitionen alle rechtlichen und operativen Standards erf\u00fcllen. <\/p>\n<\/li>\n<\/ul>\n\t\t\t\t\t\t\t\t<\/div>\n\t\t\t\t<\/div>\n\t\t\t\t<div class=\"elementor-element elementor-element-ae1a429 elementor-widget elementor-widget-heading\" data-id=\"ae1a429\" data-element_type=\"widget\" data-e-type=\"widget\" data-widget_type=\"heading.default\">\n\t\t\t\t<div class=\"elementor-widget-container\">\n\t\t\t\t\t<h3 class=\"elementor-heading-title elementor-size-default\">Unser Team\n<\/h3>\t\t\t\t<\/div>\n\t\t\t\t<\/div>\n\t\t\t\t<div class=\"elementor-element elementor-element-5e153fa elementor-widget elementor-widget-text-editor\" data-id=\"5e153fa\" data-element_type=\"widget\" data-e-type=\"widget\" data-widget_type=\"text-editor.default\">\n\t\t\t\t<div class=\"elementor-widget-container\">\n\t\t\t\t\t\t\t\t\t<p>Unser Team besteht aus erfahrenen Fachleuten mit unterschiedlichen Hintergr\u00fcnden in den Bereichen Finanzen, Investitionen und branchenspezifischem Fachwissen. Wir m\u00f6chten Ihnen mit Leidenschaft zum Erfolg verhelfen und bieten Ihnen au\u00dfergew\u00f6hnlichen Service und Unterst\u00fctzung. <\/p>\n\t\t\t\t\t\t\t\t<\/div>\n\t\t\t\t<\/div>\n\t\t\t\t<div class=\"elementor-element elementor-element-61beaf2 elementor-widget elementor-widget-heading\" data-id=\"61beaf2\" data-element_type=\"widget\" data-e-type=\"widget\" data-widget_type=\"heading.default\">\n\t\t\t\t<div class=\"elementor-widget-container\">\n\t\t\t\t\t<h3 class=\"elementor-heading-title elementor-size-default\">Kontaktieren Sie uns\n<\/h3>\t\t\t\t<\/div>\n\t\t\t\t<\/div>\n\t\t\t\t<div class=\"elementor-element elementor-element-190c884 elementor-widget elementor-widget-text-editor\" data-id=\"190c884\" data-element_type=\"widget\" data-e-type=\"widget\" data-widget_type=\"text-editor.default\">\n\t\t\t\t<div class=\"elementor-widget-container\">\n\t\t\t\t\t\t\t\t\t<p>Sind Sie bereit, Investitionsm\u00f6glichkeiten in Panama zu erkunden? Setzen Sie sich noch heute mit uns in Verbindung, um zu erfahren, wie wir Ihnen mit unserem Fachwissen \u00fcber <strong>Finanzinvestitionen in Panama<\/strong> und <strong>Gesundheitsinvestitionen in Panama<\/strong> helfen k\u00f6nnen, Ihre Ziele zu erreichen. Lassen Sie uns Ihr zuverl\u00e4ssiger Partner sein, wenn es darum geht, sich auf dem panamaischen Markt zurechtzufinden und Ihre Investitionsziele zu verwirklichen.  <\/p>\n\t\t\t\t\t\t\t\t<\/div>\n\t\t\t\t<\/div>\n\t\t\t\t\t<\/div>\n\t\t<\/div>\n\t\t\t\t\t<\/div>\n\t\t<\/section>\n\t\t\t\t<\/div>\n\t\t","protected":false},"excerpt":{"rendered":"<p>Ihr zuverl\u00e4ssiger Partner f\u00fcr Investitionen und Finanzierungen in Panama Entdecken Sie, wie wir Ihnen helfen, Ihre Anlageziele in Panama zu erreichen Buchen Sie eine kostenlose Konsultation Wir von Invest in Panama haben es uns zur Aufgabe gemacht, Sie durch die dynamische Welt der Investitionen und Finanzen in Panama zu f\u00fchren. Mit jahrelanger Erfahrung und einem [&hellip;]<\/p>\n","protected":false},"author":1,"featured_media":1751,"parent":0,"menu_order":0,"comment_status":"closed","ping_status":"closed","template":"elementor_header_footer","meta":{"footnotes":""},"class_list":["post-3460","page","type-page","status-publish","has-post-thumbnail","hentry"],"acf":[],"yoast_head":"<!-- This site is optimized with the Yoast SEO Premium plugin v23.4 (Yoast SEO v27.4) - https:\/\/yoast.com\/product\/yoast-seo-premium-wordpress\/ -->\n<title>\u00dcber uns: Expertenrat f\u00fcr Investitionen und Finanzierungen in Panama<\/title>\n<meta name=\"description\" content=\"Erfahren Sie mehr \u00fcber Invest in Panama und wie wir Sie bei der Finanzierung von Investitionen in Panama unterst\u00fctzen. Fachkundige Unterst\u00fctzung f\u00fcr Ihre Investitionsreise.\" \/>\n<meta name=\"robots\" content=\"index, follow, max-snippet:-1, max-image-preview:large, max-video-preview:-1\" \/>\n<link rel=\"canonical\" href=\"https:\/\/panamalifeinvestment.com\/de\/ueber-uns\/\" \/>\n<meta property=\"og:locale\" content=\"de_DE\" \/>\n<meta property=\"og:type\" content=\"article\" \/>\n<meta property=\"og:title\" content=\"\u00dcber uns\" \/>\n<meta property=\"og:description\" content=\"Erfahren Sie mehr \u00fcber Invest in Panama und wie wir Sie bei der Finanzierung von Investitionen in Panama unterst\u00fctzen. Fachkundige Unterst\u00fctzung f\u00fcr Ihre Investitionsreise.\" \/>\n<meta property=\"og:url\" content=\"https:\/\/panamalifeinvestment.com\/de\/ueber-uns\/\" \/>\n<meta property=\"og:site_name\" content=\"Panama Life Investment\" \/>\n<meta property=\"article:modified_time\" content=\"2024-10-08T07:40:21+00:00\" \/>\n<meta property=\"og:image\" content=\"https:\/\/panamalifeinvestment.com\/wp-content\/uploads\/2024\/09\/cityscape-of-modern-panama-city-in-the-banking-and-financial-hub-of-the-city-with-the-ff-tower-more-commonly-known-as-el-tornillo-or-la-torre-tor-2XFB4YW-vxpiwfbEk-transformed.jpeg\" \/>\n\t<meta property=\"og:image:width\" content=\"1300\" \/>\n\t<meta property=\"og:image:height\" content=\"861\" \/>\n\t<meta property=\"og:image:type\" content=\"image\/jpeg\" \/>\n<meta name=\"twitter:card\" content=\"summary_large_image\" \/>\n<meta name=\"twitter:label1\" content=\"Gesch\u00e4tzte Lesezeit\" \/>\n\t<meta name=\"twitter:data1\" content=\"3\u00a0Minuten\" \/>\n<script type=\"application\/ld+json\" class=\"yoast-schema-graph\">{\"@context\":\"https:\\\/\\\/schema.org\",\"@graph\":[{\"@type\":\"WebPage\",\"@id\":\"https:\\\/\\\/panamalifeinvestment.com\\\/de\\\/ueber-uns\\\/\",\"url\":\"https:\\\/\\\/panamalifeinvestment.com\\\/de\\\/ueber-uns\\\/\",\"name\":\"\u00dcber uns: Expertenrat f\u00fcr Investitionen und Finanzierungen in Panama\",\"isPartOf\":{\"@id\":\"https:\\\/\\\/panamalifeinvestment.com\\\/de\\\/#website\"},\"primaryImageOfPage\":{\"@id\":\"https:\\\/\\\/panamalifeinvestment.com\\\/de\\\/ueber-uns\\\/#primaryimage\"},\"image\":{\"@id\":\"https:\\\/\\\/panamalifeinvestment.com\\\/de\\\/ueber-uns\\\/#primaryimage\"},\"thumbnailUrl\":\"https:\\\/\\\/panamalifeinvestment.com\\\/wp-content\\\/uploads\\\/2024\\\/09\\\/cityscape-of-modern-panama-city-in-the-banking-and-financial-hub-of-the-city-with-the-ff-tower-more-commonly-known-as-el-tornillo-or-la-torre-tor-2XFB4YW-vxpiwfbEk-transformed.jpeg\",\"datePublished\":\"2024-09-16T01:27:59+00:00\",\"dateModified\":\"2024-10-08T07:40:21+00:00\",\"description\":\"Erfahren Sie mehr \u00fcber Invest in Panama und wie wir Sie bei der Finanzierung von Investitionen in Panama unterst\u00fctzen. Fachkundige Unterst\u00fctzung f\u00fcr Ihre Investitionsreise.\",\"breadcrumb\":{\"@id\":\"https:\\\/\\\/panamalifeinvestment.com\\\/de\\\/ueber-uns\\\/#breadcrumb\"},\"inLanguage\":\"de\",\"potentialAction\":[{\"@type\":\"ReadAction\",\"target\":[\"https:\\\/\\\/panamalifeinvestment.com\\\/de\\\/ueber-uns\\\/\"]}]},{\"@type\":\"ImageObject\",\"inLanguage\":\"de\",\"@id\":\"https:\\\/\\\/panamalifeinvestment.com\\\/de\\\/ueber-uns\\\/#primaryimage\",\"url\":\"https:\\\/\\\/panamalifeinvestment.com\\\/wp-content\\\/uploads\\\/2024\\\/09\\\/cityscape-of-modern-panama-city-in-the-banking-and-financial-hub-of-the-city-with-the-ff-tower-more-commonly-known-as-el-tornillo-or-la-torre-tor-2XFB4YW-vxpiwfbEk-transformed.jpeg\",\"contentUrl\":\"https:\\\/\\\/panamalifeinvestment.com\\\/wp-content\\\/uploads\\\/2024\\\/09\\\/cityscape-of-modern-panama-city-in-the-banking-and-financial-hub-of-the-city-with-the-ff-tower-more-commonly-known-as-el-tornillo-or-la-torre-tor-2XFB4YW-vxpiwfbEk-transformed.jpeg\",\"width\":1300,\"height\":861,\"caption\":\"About Us Panama Investment\"},{\"@type\":\"BreadcrumbList\",\"@id\":\"https:\\\/\\\/panamalifeinvestment.com\\\/de\\\/ueber-uns\\\/#breadcrumb\",\"itemListElement\":[{\"@type\":\"ListItem\",\"position\":1,\"name\":\"Home\",\"item\":\"https:\\\/\\\/panamalifeinvestment.com\\\/de\\\/\"},{\"@type\":\"ListItem\",\"position\":2,\"name\":\"\u00dcber uns\"}]},{\"@type\":\"WebSite\",\"@id\":\"https:\\\/\\\/panamalifeinvestment.com\\\/de\\\/#website\",\"url\":\"https:\\\/\\\/panamalifeinvestment.com\\\/de\\\/\",\"name\":\"Panama Life Investment\",\"description\":\"Your Trusted Partner in Panama for Wealth &amp; Health\",\"publisher\":{\"@id\":\"https:\\\/\\\/panamalifeinvestment.com\\\/de\\\/#organization\"},\"potentialAction\":[{\"@type\":\"SearchAction\",\"target\":{\"@type\":\"EntryPoint\",\"urlTemplate\":\"https:\\\/\\\/panamalifeinvestment.com\\\/de\\\/?s={search_term_string}\"},\"query-input\":{\"@type\":\"PropertyValueSpecification\",\"valueRequired\":true,\"valueName\":\"search_term_string\"}}],\"inLanguage\":\"de\"},{\"@type\":\"Organization\",\"@id\":\"https:\\\/\\\/panamalifeinvestment.com\\\/de\\\/#organization\",\"name\":\"Panama Life Investment\",\"url\":\"https:\\\/\\\/panamalifeinvestment.com\\\/de\\\/\",\"logo\":{\"@type\":\"ImageObject\",\"inLanguage\":\"de\",\"@id\":\"https:\\\/\\\/panamalifeinvestment.com\\\/de\\\/#\\\/schema\\\/logo\\\/image\\\/\",\"url\":\"https:\\\/\\\/panamalifeinvestment.com\\\/wp-content\\\/uploads\\\/2024\\\/09\\\/logo-final.png\",\"contentUrl\":\"https:\\\/\\\/panamalifeinvestment.com\\\/wp-content\\\/uploads\\\/2024\\\/09\\\/logo-final.png\",\"width\":814,\"height\":162,\"caption\":\"Panama Life Investment\"},\"image\":{\"@id\":\"https:\\\/\\\/panamalifeinvestment.com\\\/de\\\/#\\\/schema\\\/logo\\\/image\\\/\"}}]}<\/script>\n<!-- \/ Yoast SEO Premium plugin. -->","yoast_head_json":{"title":"\u00dcber uns: Expertenrat f\u00fcr Investitionen und Finanzierungen in Panama","description":"Erfahren Sie mehr \u00fcber Invest in Panama und wie wir Sie bei der Finanzierung von Investitionen in Panama unterst\u00fctzen. Fachkundige Unterst\u00fctzung f\u00fcr Ihre Investitionsreise.","robots":{"index":"index","follow":"follow","max-snippet":"max-snippet:-1","max-image-preview":"max-image-preview:large","max-video-preview":"max-video-preview:-1"},"canonical":"https:\/\/panamalifeinvestment.com\/de\/ueber-uns\/","og_locale":"de_DE","og_type":"article","og_title":"\u00dcber uns","og_description":"Erfahren Sie mehr \u00fcber Invest in Panama und wie wir Sie bei der Finanzierung von Investitionen in Panama unterst\u00fctzen. Fachkundige Unterst\u00fctzung f\u00fcr Ihre Investitionsreise.","og_url":"https:\/\/panamalifeinvestment.com\/de\/ueber-uns\/","og_site_name":"Panama Life Investment","article_modified_time":"2024-10-08T07:40:21+00:00","og_image":[{"width":1300,"height":861,"url":"https:\/\/panamalifeinvestment.com\/wp-content\/uploads\/2024\/09\/cityscape-of-modern-panama-city-in-the-banking-and-financial-hub-of-the-city-with-the-ff-tower-more-commonly-known-as-el-tornillo-or-la-torre-tor-2XFB4YW-vxpiwfbEk-transformed.jpeg","type":"image\/jpeg"}],"twitter_card":"summary_large_image","twitter_misc":{"Gesch\u00e4tzte Lesezeit":"3\u00a0Minuten"},"schema":{"@context":"https:\/\/schema.org","@graph":[{"@type":"WebPage","@id":"https:\/\/panamalifeinvestment.com\/de\/ueber-uns\/","url":"https:\/\/panamalifeinvestment.com\/de\/ueber-uns\/","name":"\u00dcber uns: Expertenrat f\u00fcr Investitionen und Finanzierungen in Panama","isPartOf":{"@id":"https:\/\/panamalifeinvestment.com\/de\/#website"},"primaryImageOfPage":{"@id":"https:\/\/panamalifeinvestment.com\/de\/ueber-uns\/#primaryimage"},"image":{"@id":"https:\/\/panamalifeinvestment.com\/de\/ueber-uns\/#primaryimage"},"thumbnailUrl":"https:\/\/panamalifeinvestment.com\/wp-content\/uploads\/2024\/09\/cityscape-of-modern-panama-city-in-the-banking-and-financial-hub-of-the-city-with-the-ff-tower-more-commonly-known-as-el-tornillo-or-la-torre-tor-2XFB4YW-vxpiwfbEk-transformed.jpeg","datePublished":"2024-09-16T01:27:59+00:00","dateModified":"2024-10-08T07:40:21+00:00","description":"Erfahren Sie mehr \u00fcber Invest in Panama und wie wir Sie bei der Finanzierung von Investitionen in Panama unterst\u00fctzen. Fachkundige Unterst\u00fctzung f\u00fcr Ihre Investitionsreise.","breadcrumb":{"@id":"https:\/\/panamalifeinvestment.com\/de\/ueber-uns\/#breadcrumb"},"inLanguage":"de","potentialAction":[{"@type":"ReadAction","target":["https:\/\/panamalifeinvestment.com\/de\/ueber-uns\/"]}]},{"@type":"ImageObject","inLanguage":"de","@id":"https:\/\/panamalifeinvestment.com\/de\/ueber-uns\/#primaryimage","url":"https:\/\/panamalifeinvestment.com\/wp-content\/uploads\/2024\/09\/cityscape-of-modern-panama-city-in-the-banking-and-financial-hub-of-the-city-with-the-ff-tower-more-commonly-known-as-el-tornillo-or-la-torre-tor-2XFB4YW-vxpiwfbEk-transformed.jpeg","contentUrl":"https:\/\/panamalifeinvestment.com\/wp-content\/uploads\/2024\/09\/cityscape-of-modern-panama-city-in-the-banking-and-financial-hub-of-the-city-with-the-ff-tower-more-commonly-known-as-el-tornillo-or-la-torre-tor-2XFB4YW-vxpiwfbEk-transformed.jpeg","width":1300,"height":861,"caption":"About Us Panama Investment"},{"@type":"BreadcrumbList","@id":"https:\/\/panamalifeinvestment.com\/de\/ueber-uns\/#breadcrumb","itemListElement":[{"@type":"ListItem","position":1,"name":"Home","item":"https:\/\/panamalifeinvestment.com\/de\/"},{"@type":"ListItem","position":2,"name":"\u00dcber uns"}]},{"@type":"WebSite","@id":"https:\/\/panamalifeinvestment.com\/de\/#website","url":"https:\/\/panamalifeinvestment.com\/de\/","name":"Panama Life Investment","description":"Your Trusted Partner in Panama for Wealth &amp; Health","publisher":{"@id":"https:\/\/panamalifeinvestment.com\/de\/#organization"},"potentialAction":[{"@type":"SearchAction","target":{"@type":"EntryPoint","urlTemplate":"https:\/\/panamalifeinvestment.com\/de\/?s={search_term_string}"},"query-input":{"@type":"PropertyValueSpecification","valueRequired":true,"valueName":"search_term_string"}}],"inLanguage":"de"},{"@type":"Organization","@id":"https:\/\/panamalifeinvestment.com\/de\/#organization","name":"Panama Life Investment","url":"https:\/\/panamalifeinvestment.com\/de\/","logo":{"@type":"ImageObject","inLanguage":"de","@id":"https:\/\/panamalifeinvestment.com\/de\/#\/schema\/logo\/image\/","url":"https:\/\/panamalifeinvestment.com\/wp-content\/uploads\/2024\/09\/logo-final.png","contentUrl":"https:\/\/panamalifeinvestment.com\/wp-content\/uploads\/2024\/09\/logo-final.png","width":814,"height":162,"caption":"Panama Life Investment"},"image":{"@id":"https:\/\/panamalifeinvestment.com\/de\/#\/schema\/logo\/image\/"}}]}},"_links":{"self":[{"href":"https:\/\/panamalifeinvestment.com\/de\/wp-json\/wp\/v2\/pages\/3460","targetHints":{"allow":["GET"]}}],"collection":[{"href":"https:\/\/panamalifeinvestment.com\/de\/wp-json\/wp\/v2\/pages"}],"about":[{"href":"https:\/\/panamalifeinvestment.com\/de\/wp-json\/wp\/v2\/types\/page"}],"author":[{"embeddable":true,"href":"https:\/\/panamalifeinvestment.com\/de\/wp-json\/wp\/v2\/users\/1"}],"replies":[{"embeddable":true,"href":"https:\/\/panamalifeinvestment.com\/de\/wp-json\/wp\/v2\/comments?post=3460"}],"version-history":[{"count":3,"href":"https:\/\/panamalifeinvestment.com\/de\/wp-json\/wp\/v2\/pages\/3460\/revisions"}],"predecessor-version":[{"id":3479,"href":"https:\/\/panamalifeinvestment.com\/de\/wp-json\/wp\/v2\/pages\/3460\/revisions\/3479"}],"wp:featuredmedia":[{"embeddable":true,"href":"https:\/\/panamalifeinvestment.com\/de\/wp-json\/wp\/v2\/media\/1751"}],"wp:attachment":[{"href":"https:\/\/panamalifeinvestment.com\/de\/wp-json\/wp\/v2\/media?parent=3460"}],"curies":[{"name":"wp","href":"https:\/\/api.w.org\/{rel}","templated":true}]}}